{"id":11,"date":"2024-08-30T23:27:53","date_gmt":"2024-08-30T21:27:53","guid":{"rendered":"http:\/\/cdanc.fr\/?page_id=11"},"modified":"2025-10-02T20:50:18","modified_gmt":"2025-10-02T18:50:18","slug":"association-danse-la-ravoire-challes-les-eaux-c-dan-c-cdanc-savoie","status":"publish","type":"page","link":"https:\/\/www.cdanc.fr\/","title":{"rendered":"Accueil"},"content":{"rendered":"\n<p class=\"has-text-align-center\"><strong>C dan C<\/strong> est une association de danse cr\u00e9\u00e9e depuis le 24 juillet 2024 \u00e0 La Ravoire en Savoie. Elle prend la suite de l&rsquo;association TD.<\/p>\n\n\n\n<p class=\"has-text-align-center\"><strong>C dan C<\/strong> propose des cours de Modern jazz et de Street jazz ouverts aux enfants \u00e0 partir de 4 ans, aux ados et aux adultes.<br>Venez d\u00e9couvrir, vous perfectionner ou tout simplement pour le plaisir.<\/p>\n\n\n\n<p><\/p>\n","protected":false},"excerpt":{"rendered":"<p>C dan C est une association de danse cr\u00e9\u00e9e depuis le 24 juillet 2024 \u00e0 La Ravoire en Savoie. Elle prend la suite de l&rsquo;association TD. C dan C propose des cours de Modern jazz et de Street jazz ouverts aux enfants \u00e0 partir de 4 ans, aux ados et aux adultes.Venez d\u00e9couvrir, vous perfectionner &hellip; <\/p>\n<p class=\"link-more\"><a href=\"https:\/\/www.cdanc.fr\/\" class=\"more-link\">Continuer la lecture<span class=\"screen-reader-text\"> de &laquo;&nbsp;Accueil&nbsp;&raquo;<\/span><\/a><\/p>\n","protected":false},"author":1,"featured_media":88,"parent":0,"menu_order":0,"comment_status":"closed","ping_status":"closed","template":"","meta":{"footnotes":""},"class_list":["post-11","page","type-page","status-publish","has-post-thumbnail","hentry"],"yoast_head":"<!-- This site is optimized with the Yoast SEO plugin v27.3 - https:\/\/yoast.com\/product\/yoast-seo-wordpress\/ -->\n<title>Accueil - C dan C<\/title>\n<meta name=\"description\" content=\"Association de danse La Ravoire Challes-les-Eaux C dan C CdanC savoie Modern jazz Street jazz enfants ados adultes.\" \/>\n<meta name=\"robots\" content=\"index, follow, max-snippet:-1, max-image-preview:large, max-video-preview:-1\" \/>\n<link rel=\"canonical\" href=\"https:\/\/www.cdanc.fr\/\" \/>\n<meta property=\"og:locale\" content=\"fr_FR\" \/>\n<meta property=\"og:type\" content=\"article\" \/>\n<meta property=\"og:title\" content=\"Accueil - C dan C\" \/>\n<meta property=\"og:description\" content=\"Association de danse La Ravoire Challes-les-Eaux C dan C CdanC savoie Modern jazz Street jazz enfants ados adultes.\" \/>\n<meta property=\"og:url\" content=\"https:\/\/www.cdanc.fr\/\" \/>\n<meta property=\"og:site_name\" content=\"C dan C\" \/>\n<meta property=\"article:modified_time\" content=\"2025-10-02T18:50:18+00:00\" \/>\n<meta property=\"og:image\" content=\"https:\/\/www.cdanc.fr\/wp-content\/uploads\/2025\/06\/DSC_8777-scaled.jpg\" \/>\n\t<meta property=\"og:image:width\" content=\"2560\" \/>\n\t<meta property=\"og:image:height\" content=\"1703\" \/>\n\t<meta property=\"og:image:type\" content=\"image\/jpeg\" \/>\n<meta name=\"twitter:card\" content=\"summary_large_image\" \/>\n<meta name=\"twitter:label1\" content=\"Dur\u00e9e de lecture estim\u00e9e\" \/>\n\t<meta name=\"twitter:data1\" content=\"1 minute\" \/>\n<script type=\"application\/ld+json\" class=\"yoast-schema-graph\">{\"@context\":\"https:\\\/\\\/schema.org\",\"@graph\":[{\"@type\":\"WebPage\",\"@id\":\"https:\\\/\\\/www.cdanc.fr\\\/\",\"url\":\"https:\\\/\\\/www.cdanc.fr\\\/\",\"name\":\"Accueil - C dan C\",\"isPartOf\":{\"@id\":\"https:\\\/\\\/www.cdanc.fr\\\/#website\"},\"primaryImageOfPage\":{\"@id\":\"https:\\\/\\\/www.cdanc.fr\\\/#primaryimage\"},\"image\":{\"@id\":\"https:\\\/\\\/www.cdanc.fr\\\/#primaryimage\"},\"thumbnailUrl\":\"https:\\\/\\\/www.cdanc.fr\\\/wp-content\\\/uploads\\\/2025\\\/06\\\/DSC_8777-scaled.jpg\",\"datePublished\":\"2024-08-30T21:27:53+00:00\",\"dateModified\":\"2025-10-02T18:50:18+00:00\",\"description\":\"Association de danse La Ravoire Challes-les-Eaux C dan C CdanC savoie Modern jazz Street jazz enfants ados adultes.\",\"breadcrumb\":{\"@id\":\"https:\\\/\\\/www.cdanc.fr\\\/#breadcrumb\"},\"inLanguage\":\"fr-FR\",\"potentialAction\":[{\"@type\":\"ReadAction\",\"target\":[\"https:\\\/\\\/www.cdanc.fr\\\/\"]}]},{\"@type\":\"ImageObject\",\"inLanguage\":\"fr-FR\",\"@id\":\"https:\\\/\\\/www.cdanc.fr\\\/#primaryimage\",\"url\":\"https:\\\/\\\/www.cdanc.fr\\\/wp-content\\\/uploads\\\/2025\\\/06\\\/DSC_8777-scaled.jpg\",\"contentUrl\":\"https:\\\/\\\/www.cdanc.fr\\\/wp-content\\\/uploads\\\/2025\\\/06\\\/DSC_8777-scaled.jpg\",\"width\":2560,\"height\":1703},{\"@type\":\"BreadcrumbList\",\"@id\":\"https:\\\/\\\/www.cdanc.fr\\\/#breadcrumb\",\"itemListElement\":[{\"@type\":\"ListItem\",\"position\":1,\"name\":\"Accueil\",\"item\":\"https:\\\/\\\/www.cdanc.fr\\\/\"},{\"@type\":\"ListItem\",\"position\":2,\"name\":\"Accueil\"}]},{\"@type\":\"WebSite\",\"@id\":\"https:\\\/\\\/www.cdanc.fr\\\/#website\",\"url\":\"https:\\\/\\\/www.cdanc.fr\\\/\",\"name\":\"CdanC\",\"description\":\"C dan C propose des cours de Modern jazz et de Street jazz ouverts aux enfants \u00e0 partir de 4 ans, aux ados et aux adultes. Venez d\u00e9couvrir, vous perfectionner ou tout simplement pour le plaisir.\",\"publisher\":{\"@id\":\"https:\\\/\\\/www.cdanc.fr\\\/#organization\"},\"alternateName\":\"C dan C\",\"potentialAction\":[{\"@type\":\"SearchAction\",\"target\":{\"@type\":\"EntryPoint\",\"urlTemplate\":\"https:\\\/\\\/www.cdanc.fr\\\/?s={search_term_string}\"},\"query-input\":{\"@type\":\"PropertyValueSpecification\",\"valueRequired\":true,\"valueName\":\"search_term_string\"}}],\"inLanguage\":\"fr-FR\"},{\"@type\":\"Organization\",\"@id\":\"https:\\\/\\\/www.cdanc.fr\\\/#organization\",\"name\":\"CdanC\",\"alternateName\":\"C dan C\",\"url\":\"https:\\\/\\\/www.cdanc.fr\\\/\",\"logo\":{\"@type\":\"ImageObject\",\"inLanguage\":\"fr-FR\",\"@id\":\"https:\\\/\\\/www.cdanc.fr\\\/#\\\/schema\\\/logo\\\/image\\\/\",\"url\":\"https:\\\/\\\/www.cdanc.fr\\\/wp-content\\\/uploads\\\/2025\\\/06\\\/DSC_8987-scaled.jpg\",\"contentUrl\":\"https:\\\/\\\/www.cdanc.fr\\\/wp-content\\\/uploads\\\/2025\\\/06\\\/DSC_8987-scaled.jpg\",\"width\":1702,\"height\":2560,\"caption\":\"CdanC\"},\"image\":{\"@id\":\"https:\\\/\\\/www.cdanc.fr\\\/#\\\/schema\\\/logo\\\/image\\\/\"},\"sameAs\":[\"https:\\\/\\\/www.helloasso.com\\\/associations\\\/c-dan-c\"]}]}<\/script>\n<!-- \/ Yoast SEO plugin. -->","yoast_head_json":{"title":"Accueil - C dan C","description":"Association de danse La Ravoire Challes-les-Eaux C dan C CdanC savoie Modern jazz Street jazz enfants ados adultes.","robots":{"index":"index","follow":"follow","max-snippet":"max-snippet:-1","max-image-preview":"max-image-preview:large","max-video-preview":"max-video-preview:-1"},"canonical":"https:\/\/www.cdanc.fr\/","og_locale":"fr_FR","og_type":"article","og_title":"Accueil - C dan C","og_description":"Association de danse La Ravoire Challes-les-Eaux C dan C CdanC savoie Modern jazz Street jazz enfants ados adultes.","og_url":"https:\/\/www.cdanc.fr\/","og_site_name":"C dan C","article_modified_time":"2025-10-02T18:50:18+00:00","og_image":[{"width":2560,"height":1703,"url":"https:\/\/www.cdanc.fr\/wp-content\/uploads\/2025\/06\/DSC_8777-scaled.jpg","type":"image\/jpeg"}],"twitter_card":"summary_large_image","twitter_misc":{"Dur\u00e9e de lecture estim\u00e9e":"1 minute"},"schema":{"@context":"https:\/\/schema.org","@graph":[{"@type":"WebPage","@id":"https:\/\/www.cdanc.fr\/","url":"https:\/\/www.cdanc.fr\/","name":"Accueil - C dan C","isPartOf":{"@id":"https:\/\/www.cdanc.fr\/#website"},"primaryImageOfPage":{"@id":"https:\/\/www.cdanc.fr\/#primaryimage"},"image":{"@id":"https:\/\/www.cdanc.fr\/#primaryimage"},"thumbnailUrl":"https:\/\/www.cdanc.fr\/wp-content\/uploads\/2025\/06\/DSC_8777-scaled.jpg","datePublished":"2024-08-30T21:27:53+00:00","dateModified":"2025-10-02T18:50:18+00:00","description":"Association de danse La Ravoire Challes-les-Eaux C dan C CdanC savoie Modern jazz Street jazz enfants ados adultes.","breadcrumb":{"@id":"https:\/\/www.cdanc.fr\/#breadcrumb"},"inLanguage":"fr-FR","potentialAction":[{"@type":"ReadAction","target":["https:\/\/www.cdanc.fr\/"]}]},{"@type":"ImageObject","inLanguage":"fr-FR","@id":"https:\/\/www.cdanc.fr\/#primaryimage","url":"https:\/\/www.cdanc.fr\/wp-content\/uploads\/2025\/06\/DSC_8777-scaled.jpg","contentUrl":"https:\/\/www.cdanc.fr\/wp-content\/uploads\/2025\/06\/DSC_8777-scaled.jpg","width":2560,"height":1703},{"@type":"BreadcrumbList","@id":"https:\/\/www.cdanc.fr\/#breadcrumb","itemListElement":[{"@type":"ListItem","position":1,"name":"Accueil","item":"https:\/\/www.cdanc.fr\/"},{"@type":"ListItem","position":2,"name":"Accueil"}]},{"@type":"WebSite","@id":"https:\/\/www.cdanc.fr\/#website","url":"https:\/\/www.cdanc.fr\/","name":"CdanC","description":"C dan C propose des cours de Modern jazz et de Street jazz ouverts aux enfants \u00e0 partir de 4 ans, aux ados et aux adultes. Venez d\u00e9couvrir, vous perfectionner ou tout simplement pour le plaisir.","publisher":{"@id":"https:\/\/www.cdanc.fr\/#organization"},"alternateName":"C dan C","potentialAction":[{"@type":"SearchAction","target":{"@type":"EntryPoint","urlTemplate":"https:\/\/www.cdanc.fr\/?s={search_term_string}"},"query-input":{"@type":"PropertyValueSpecification","valueRequired":true,"valueName":"search_term_string"}}],"inLanguage":"fr-FR"},{"@type":"Organization","@id":"https:\/\/www.cdanc.fr\/#organization","name":"CdanC","alternateName":"C dan C","url":"https:\/\/www.cdanc.fr\/","logo":{"@type":"ImageObject","inLanguage":"fr-FR","@id":"https:\/\/www.cdanc.fr\/#\/schema\/logo\/image\/","url":"https:\/\/www.cdanc.fr\/wp-content\/uploads\/2025\/06\/DSC_8987-scaled.jpg","contentUrl":"https:\/\/www.cdanc.fr\/wp-content\/uploads\/2025\/06\/DSC_8987-scaled.jpg","width":1702,"height":2560,"caption":"CdanC"},"image":{"@id":"https:\/\/www.cdanc.fr\/#\/schema\/logo\/image\/"},"sameAs":["https:\/\/www.helloasso.com\/associations\/c-dan-c"]}]}},"_links":{"self":[{"href":"https:\/\/www.cdanc.fr\/index.php\/wp-json\/wp\/v2\/pages\/11","targetHints":{"allow":["GET"]}}],"collection":[{"href":"https:\/\/www.cdanc.fr\/index.php\/wp-json\/wp\/v2\/pages"}],"about":[{"href":"https:\/\/www.cdanc.fr\/index.php\/wp-json\/wp\/v2\/types\/page"}],"author":[{"embeddable":true,"href":"https:\/\/www.cdanc.fr\/index.php\/wp-json\/wp\/v2\/users\/1"}],"replies":[{"embeddable":true,"href":"https:\/\/www.cdanc.fr\/index.php\/wp-json\/wp\/v2\/comments?post=11"}],"version-history":[{"count":8,"href":"https:\/\/www.cdanc.fr\/index.php\/wp-json\/wp\/v2\/pages\/11\/revisions"}],"predecessor-version":[{"id":126,"href":"https:\/\/www.cdanc.fr\/index.php\/wp-json\/wp\/v2\/pages\/11\/revisions\/126"}],"wp:featuredmedia":[{"embeddable":true,"href":"https:\/\/www.cdanc.fr\/index.php\/wp-json\/wp\/v2\/media\/88"}],"wp:attachment":[{"href":"https:\/\/www.cdanc.fr\/index.php\/wp-json\/wp\/v2\/media?parent=11"}],"curies":[{"name":"wp","href":"https:\/\/api.w.org\/{rel}","templated":true}]}}